{"id":16,"date":"2022-09-18T15:49:38","date_gmt":"2022-09-18T15:49:38","guid":{"rendered":"http:\/\/www.irekl.eu\/?page_id=16"},"modified":"2022-09-18T16:49:52","modified_gmt":"2022-09-18T16:49:52","slug":"irek","status":"publish","type":"page","link":"https:\/\/www.irekl.eu\/index.php\/irek\/","title":{"rendered":"Irek"},"content":{"rendered":"\n<h2 class=\"wp-block-heading\">Przedsi\u0119biorstwo Us\u0142ugowo &#8211; Handlowe Ireneusz \u0141yp<\/h2>\n\n\n\n<figure class=\"wp-block-image size-large\"><img loading=\"lazy\" decoding=\"async\" width=\"683\" height=\"1024\" src=\"http:\/\/www.irekl.eu\/wp-content\/uploads\/2022\/09\/maja-683x1024.jpeg\" alt=\"\" class=\"wp-image-17\" srcset=\"https:\/\/www.irekl.eu\/wp-content\/uploads\/2022\/09\/maja-683x1024.jpeg 683w, https:\/\/www.irekl.eu\/wp-content\/uploads\/2022\/09\/maja-200x300.jpeg 200w, https:\/\/www.irekl.eu\/wp-content\/uploads\/2022\/09\/maja-768x1151.jpeg 768w, https:\/\/www.irekl.eu\/wp-content\/uploads\/2022\/09\/maja.jpeg 1000w\" sizes=\"auto, (max-width: 683px) 100vw, 683px\" \/><figcaption>Maja<\/figcaption><\/figure>\n","protected":false},"excerpt":{"rendered":"<p>Przedsi\u0119biorstwo Us\u0142ugowo &#8211; Handlowe Ireneusz \u0141yp<\/p>\n","protected":false},"author":1,"featured_media":0,"parent":0,"menu_order":0,"comment_status":"closed","ping_status":"closed","template":"","meta":{"footnotes":""},"class_list":["post-16","page","type-page","status-publish","hentry"],"_links":{"self":[{"href":"https:\/\/www.irekl.eu\/index.php\/wp-json\/wp\/v2\/pages\/16","targetHints":{"allow":["GET"]}}],"collection":[{"href":"https:\/\/www.irekl.eu\/index.php\/wp-json\/wp\/v2\/pages"}],"about":[{"href":"https:\/\/www.irekl.eu\/index.php\/wp-json\/wp\/v2\/types\/page"}],"author":[{"embeddable":true,"href":"https:\/\/www.irekl.eu\/index.php\/wp-json\/wp\/v2\/users\/1"}],"replies":[{"embeddable":true,"href":"https:\/\/www.irekl.eu\/index.php\/wp-json\/wp\/v2\/comments?post=16"}],"version-history":[{"count":4,"href":"https:\/\/www.irekl.eu\/index.php\/wp-json\/wp\/v2\/pages\/16\/revisions"}],"predecessor-version":[{"id":24,"href":"https:\/\/www.irekl.eu\/index.php\/wp-json\/wp\/v2\/pages\/16\/revisions\/24"}],"wp:attachment":[{"href":"https:\/\/www.irekl.eu\/index.php\/wp-json\/wp\/v2\/media?parent=16"}],"curies":[{"name":"wp","href":"https:\/\/api.w.org\/{rel}","templated":true}]}}